{"id":45,"date":"2021-06-10T11:42:30","date_gmt":"2021-06-10T09:42:30","guid":{"rendered":"http:\/\/pla.agenceverri-web.fr\/?page_id=45"},"modified":"2023-05-20T21:03:24","modified_gmt":"2023-05-20T19:03:24","slug":"me-contacter","status":"publish","type":"page","link":"https:\/\/www.sebastienpla.com\/PLA\/me-contacter\/","title":{"rendered":"Me contacter"},"content":{"rendered":"<p>[vc_row unlock_row_content=\u00a0\u00bbyes\u00a0\u00bb row_height_percent=\u00a0\u00bb0&Prime; override_padding=\u00a0\u00bbyes\u00a0\u00bb h_padding=\u00a0\u00bb0&Prime; top_padding=\u00a0\u00bb0&Prime; bottom_padding=\u00a0\u00bb0&Prime; overlay_alpha=\u00a0\u00bb50&Prime; gutter_size=\u00a0\u00bb0&Prime; column_width_percent=\u00a0\u00bb100&Prime; shift_y=\u00a0\u00bb0&Prime; z_index=\u00a0\u00bb0&Prime; uncode_shortcode_id=\u00a0\u00bb668251&Prime;][vc_column width=\u00a0\u00bb7\/12&Prime;][\/vc_column][\/vc_row][vc_row unlock_row_content=\u00a0\u00bbyes\u00a0\u00bb row_height_percent=\u00a0\u00bb0&Prime; override_padding=\u00a0\u00bbyes\u00a0\u00bb h_padding=\u00a0\u00bb7&Prime; top_padding=\u00a0\u00bb2&Prime; bottom_padding=\u00a0\u00bb2&Prime; overlay_alpha=\u00a0\u00bb50&Prime; gutter_size=\u00a0\u00bb0&Prime; column_width_percent=\u00a0\u00bb100&Prime; shift_y=\u00a0\u00bb0&Prime; z_index=\u00a0\u00bb0&Prime; uncode_shortcode_id=\u00a0\u00bb718537&Prime;][vc_column width=\u00a0\u00bb7\/12&Prime;][vc_single_image media=\u00a0\u00bb1107&Prime; media_width_percent=\u00a0\u00bb100&Prime; uncode_shortcode_id=\u00a0\u00bb739263&Prime;][\/vc_column][vc_column column_width_percent=\u00a0\u00bb100&Prime; gutter_size=\u00a0\u00bb3&Prime; back_color=\u00a0\u00bbcolor-xsdn\u00a0\u00bb overlay_alpha=\u00a0\u00bb50&Prime; shift_x=\u00a0\u00bb-2&Prime; shift_y=\u00a0\u00bb2&Prime; shift_y_down=\u00a0\u00bb0&Prime; z_index=\u00a0\u00bb7&Prime; medium_width=\u00a0\u00bb0&Prime; mobile_width=\u00a0\u00bb0&Prime; sticky=\u00a0\u00bbyes\u00a0\u00bb shadow=\u00a0\u00bbstd\u00a0\u00bb width=\u00a0\u00bb5\/12&Prime; uncode_shortcode_id=\u00a0\u00bb134379&Prime; back_color_type=\u00a0\u00bbuncode-palette\u00a0\u00bb][vc_custom_heading text_font=\u00a0\u00bbfont-122903&Prime; text_weight=\u00a0\u00bb400&Prime; text_transform=\u00a0\u00bbuppercase\u00a0\u00bb separator=\u00a0\u00bbyes\u00a0\u00bb uncode_shortcode_id=\u00a0\u00bb193344&Prime;]Mon \u00e9quipe[\/vc_custom_heading][vc_column_text uncode_shortcode_id=\u00a0\u00bb986656&Prime;]En circonscription comme \u00e0 Paris mes collaborateurs parlementaires : Monsieur Matthieu Houssin et Mesdames Ang\u00e9lique Susini et Sarah Faure.[\/vc_column_text][\/vc_column][\/vc_row][vc_row row_height_percent=\u00a0\u00bb100&Prime; override_padding=\u00a0\u00bbyes\u00a0\u00bb h_padding=\u00a0\u00bb2&Prime; top_padding=\u00a0\u00bb5&Prime; bottom_padding=\u00a0\u00bb5&Prime; back_color=\u00a0\u00bbaccent\u00a0\u00bb back_image=\u00a0\u00bb70&Prime; overlay_color=\u00a0\u00bbaccent\u00a0\u00bb overlay_alpha=\u00a0\u00bb80&Prime; equal_height=\u00a0\u00bbyes\u00a0\u00bb gutter_size=\u00a0\u00bb3&Prime; column_width_percent=\u00a0\u00bb100&Prime; shift_y=\u00a0\u00bb0&Prime; z_index=\u00a0\u00bb0&Prime; mobile_visibility=\u00a0\u00bbyes\u00a0\u00bb style=\u00a0\u00bbinherited\u00a0\u00bb][vc_column column_width_percent=\u00a0\u00bb100&Prime; position_vertical=\u00a0\u00bbmiddle\u00a0\u00bb align_horizontal=\u00a0\u00bbalign_center\u00a0\u00bb gutter_size=\u00a0\u00bb4&Prime; override_padding=\u00a0\u00bbyes\u00a0\u00bb column_padding=\u00a0\u00bb0&Prime; style=\u00a0\u00bbdark\u00a0\u00bb overlay_color=\u00a0\u00bbcolor-xsdn\u00a0\u00bb overlay_alpha=\u00a0\u00bb71&Prime; shift_x=\u00a0\u00bb0&Prime; shift_y=\u00a0\u00bb0&Prime; shift_y_down=\u00a0\u00bb0&Prime; z_index=\u00a0\u00bb0&Prime; medium_width=\u00a0\u00bb0&Prime; mobile_width=\u00a0\u00bb0&Prime; zoom_width=\u00a0\u00bb0&Prime; zoom_height=\u00a0\u00bb0&Prime; width=\u00a0\u00bb1\/1&Prime;][vc_row_inner row_inner_height_percent=\u00a0\u00bb0&Prime; overlay_alpha=\u00a0\u00bb50&Prime; gutter_size=\u00a0\u00bb3&Prime; shift_y=\u00a0\u00bb0&Prime; z_index=\u00a0\u00bb0&Prime; limit_content=\u00a0\u00bb\u00a0\u00bb css=\u00a0\u00bb.vc_custom_1623323361307{padding-right: 15% !important;padding-left: 15% !important;}\u00a0\u00bb][vc_column_inner column_width_percent=\u00a0\u00bb100&Prime; position_vertical=\u00a0\u00bbmiddle\u00a0\u00bb align_horizontal=\u00a0\u00bbalign_center\u00a0\u00bb gutter_size=\u00a0\u00bb3&Prime; overlay_alpha=\u00a0\u00bb50&Prime; shift_x=\u00a0\u00bb0&Prime; shift_y=\u00a0\u00bb0&Prime; shift_y_down=\u00a0\u00bb0&Prime; z_index=\u00a0\u00bb0&Prime; medium_width=\u00a0\u00bb0&Prime; mobile_width=\u00a0\u00bb0&Prime; width=\u00a0\u00bb1\/2&Prime;][vc_icon position=\u00a0\u00bbleft\u00a0\u00bb title_aligned_icon=\u00a0\u00bbyes\u00a0\u00bb icon=\u00a0\u00bbfa fa-facebook-square\u00a0\u00bb icon_color=\u00a0\u00bbaccent\u00a0\u00bb background_style=\u00a0\u00bbfa-rounded\u00a0\u00bb size=\u00a0\u00bbfa-3x\u00a0\u00bb outline=\u00a0\u00bbyes\u00a0\u00bb add_margin=\u00a0\u00bbyes\u00a0\u00bb linked_title=\u00a0\u00bbyes\u00a0\u00bb text_lead=\u00a0\u00bbyes\u00a0\u00bb css_animation=\u00a0\u00bbright-t-left\u00a0\u00bb link=\u00a0\u00bburl:https%3A%2F%2Fwww.facebook.com%2FSebastienPla11|target:_blank\u00a0\u00bb title=\u00a0\u00bbFACEBOOK\u00a0\u00bb]<a href=\"https:\/\/www.facebook.com\/SebastienPla11\" target=\"_blank\" rel=\"noopener\">@sebastienpla11<\/a>[\/vc_icon][\/vc_column_inner][vc_column_inner column_width_percent=\u00a0\u00bb100&Prime; position_vertical=\u00a0\u00bbmiddle\u00a0\u00bb align_horizontal=\u00a0\u00bbalign_center\u00a0\u00bb gutter_size=\u00a0\u00bb3&Prime; overlay_alpha=\u00a0\u00bb50&Prime; shift_x=\u00a0\u00bb0&Prime; shift_y=\u00a0\u00bb0&Prime; shift_y_down=\u00a0\u00bb0&Prime; z_index=\u00a0\u00bb0&Prime; medium_width=\u00a0\u00bb0&Prime; mobile_width=\u00a0\u00bb0&Prime; width=\u00a0\u00bb1\/2&Prime;][vc_icon position=\u00a0\u00bbleft\u00a0\u00bb title_aligned_icon=\u00a0\u00bbyes\u00a0\u00bb icon=\u00a0\u00bbfa fa-instagram\u00a0\u00bb icon_color=\u00a0\u00bbaccent\u00a0\u00bb background_style=\u00a0\u00bbfa-rounded\u00a0\u00bb size=\u00a0\u00bbfa-3x\u00a0\u00bb outline=\u00a0\u00bbyes\u00a0\u00bb add_margin=\u00a0\u00bbyes\u00a0\u00bb linked_title=\u00a0\u00bbyes\u00a0\u00bb css_animation=\u00a0\u00bbright-t-left\u00a0\u00bb link=\u00a0\u00bburl:https%3A%2F%2Fwww.instagram.com%2Fsebastienpla_officiel%2F|title:%40sebastienpla_officiel|target:_blank\u00a0\u00bb title=\u00a0\u00bbINSTAGRAM\u00a0\u00bb uncode_shortcode_id=\u00a0\u00bb648910&Prime; icon_color_type=\u00a0\u00bbuncode-palette\u00a0\u00bb]<a href=\"https:\/\/www.instagram.com\/sebastienpla_officiel\/\" target=\"_blank\" rel=\"noopener\">@sebastienpla_officiel<\/a>[\/vc_icon][\/vc_column_inner][\/vc_row_inner][vc_row_inner row_inner_height_percent=\u00a0\u00bb0&Prime; overlay_alpha=\u00a0\u00bb50&Prime; gutter_size=\u00a0\u00bb3&Prime; shift_y=\u00a0\u00bb0&Prime; z_index=\u00a0\u00bb0&Prime; limit_content=\u00a0\u00bb\u00a0\u00bb css=\u00a0\u00bb.vc_custom_1623323371825{padding-right: 15% !important;padding-left: 15% !important;}\u00a0\u00bb][vc_column_inner column_width_percent=\u00a0\u00bb100&Prime; position_vertical=\u00a0\u00bbmiddle\u00a0\u00bb align_horizontal=\u00a0\u00bbalign_center\u00a0\u00bb gutter_size=\u00a0\u00bb3&Prime; overlay_alpha=\u00a0\u00bb50&Prime; shift_x=\u00a0\u00bb0&Prime; shift_y=\u00a0\u00bb0&Prime; shift_y_down=\u00a0\u00bb0&Prime; z_index=\u00a0\u00bb0&Prime; medium_width=\u00a0\u00bb0&Prime; mobile_width=\u00a0\u00bb0&Prime; width=\u00a0\u00bb1\/2&Prime;][vc_icon position=\u00a0\u00bbleft\u00a0\u00bb title_aligned_icon=\u00a0\u00bbyes\u00a0\u00bb icon=\u00a0\u00bbfa fa-twitter-square\u00a0\u00bb icon_color=\u00a0\u00bbaccent\u00a0\u00bb background_style=\u00a0\u00bbfa-rounded\u00a0\u00bb size=\u00a0\u00bbfa-3x\u00a0\u00bb outline=\u00a0\u00bbyes\u00a0\u00bb add_margin=\u00a0\u00bbyes\u00a0\u00bb linked_title=\u00a0\u00bbyes\u00a0\u00bb css_animation=\u00a0\u00bbright-t-left\u00a0\u00bb link=\u00a0\u00bburl:https%3A%2F%2Ftwitter.com%2Fsebastienpla%3Fs%3D20|target:_blank\u00a0\u00bb title=\u00a0\u00bbTWITTER\u00a0\u00bb]<a href=\"https:\/\/twitter.com\/sebastienpla?s=20\" target=\"_blank\" rel=\"noopener\">@sebastienpla<\/a>[\/vc_icon][\/vc_column_inner][vc_column_inner column_width_percent=\u00a0\u00bb100&Prime; position_vertical=\u00a0\u00bbmiddle\u00a0\u00bb align_horizontal=\u00a0\u00bbalign_center\u00a0\u00bb gutter_size=\u00a0\u00bb3&Prime; overlay_alpha=\u00a0\u00bb50&Prime; shift_x=\u00a0\u00bb0&Prime; shift_y=\u00a0\u00bb0&Prime; shift_y_down=\u00a0\u00bb0&Prime; z_index=\u00a0\u00bb0&Prime; medium_width=\u00a0\u00bb0&Prime; mobile_width=\u00a0\u00bb0&Prime; width=\u00a0\u00bb1\/2&Prime;][vc_icon position=\u00a0\u00bbleft\u00a0\u00bb title_aligned_icon=\u00a0\u00bbyes\u00a0\u00bb icon=\u00a0\u00bbfa fa-mail\u00a0\u00bb icon_color=\u00a0\u00bbaccent\u00a0\u00bb background_style=\u00a0\u00bbfa-rounded\u00a0\u00bb size=\u00a0\u00bbfa-3x\u00a0\u00bb outline=\u00a0\u00bbyes\u00a0\u00bb add_margin=\u00a0\u00bbyes\u00a0\u00bb linked_title=\u00a0\u00bbyes\u00a0\u00bb css_animation=\u00a0\u00bbright-t-left\u00a0\u00bb link=\u00a0\u00bburl:mailto%3Asenateursebastienpla%40gmail.com|target:_blank\u00a0\u00bb title=\u00a0\u00bbMAIL\u00a0\u00bb]<a href=\"mailto:senateursebastienpla@gmail.com\">senateursebastienpla@gmail.com<\/a>[\/vc_icon][\/vc_column_inner][\/vc_row_inner][\/vc_column][\/vc_row][vc_row row_height_percent=\u00a0\u00bb100&Prime; override_padding=\u00a0\u00bbyes\u00a0\u00bb h_padding=\u00a0\u00bb1&Prime; top_padding=\u00a0\u00bb5&Prime; bottom_padding=\u00a0\u00bb5&Prime; back_color=\u00a0\u00bbaccent\u00a0\u00bb back_image=\u00a0\u00bb70&Prime; overlay_color=\u00a0\u00bbaccent\u00a0\u00bb overlay_alpha=\u00a0\u00bb80&Prime; equal_height=\u00a0\u00bbyes\u00a0\u00bb gutter_size=\u00a0\u00bb3&Prime; column_width_percent=\u00a0\u00bb100&Prime; shift_y=\u00a0\u00bb0&Prime; z_index=\u00a0\u00bb0&Prime; desktop_visibility=\u00a0\u00bbyes\u00a0\u00bb medium_visibility=\u00a0\u00bbyes\u00a0\u00bb style=\u00a0\u00bbinherited\u00a0\u00bb][vc_column column_width_percent=\u00a0\u00bb100&Prime; position_vertical=\u00a0\u00bbmiddle\u00a0\u00bb align_horizontal=\u00a0\u00bbalign_center\u00a0\u00bb gutter_size=\u00a0\u00bb4&Prime; style=\u00a0\u00bbdark\u00a0\u00bb overlay_color=\u00a0\u00bbcolor-xsdn\u00a0\u00bb overlay_alpha=\u00a0\u00bb71&Prime; shift_x=\u00a0\u00bb0&Prime; shift_y=\u00a0\u00bb0&Prime; shift_y_down=\u00a0\u00bb0&Prime; z_index=\u00a0\u00bb0&Prime; medium_width=\u00a0\u00bb0&Prime; mobile_width=\u00a0\u00bb0&Prime; zoom_width=\u00a0\u00bb0&Prime; zoom_height=\u00a0\u00bb0&Prime; width=\u00a0\u00bb1\/1&Prime; css=\u00a0\u00bb.vc_custom_1632150588406{padding-top: 5% !important;padding-right: 5% !important;padding-bottom: 5% !important;padding-left: 5% !important;}\u00a0\u00bb uncode_shortcode_id=\u00a0\u00bb279283&Prime; overlay_color_type=\u00a0\u00bbuncode-palette\u00a0\u00bb][vc_row_inner row_inner_height_percent=\u00a0\u00bb0&Prime; overlay_alpha=\u00a0\u00bb50&Prime; gutter_size=\u00a0\u00bb3&Prime; shift_y=\u00a0\u00bb0&Prime; z_index=\u00a0\u00bb0&Prime; limit_content=\u00a0\u00bb\u00a0\u00bb][vc_column_inner column_width_percent=\u00a0\u00bb100&Prime; position_vertical=\u00a0\u00bbmiddle\u00a0\u00bb align_horizontal=\u00a0\u00bbalign_center\u00a0\u00bb gutter_size=\u00a0\u00bb3&Prime; overlay_alpha=\u00a0\u00bb50&Prime; shift_x=\u00a0\u00bb0&Prime; shift_y=\u00a0\u00bb0&Prime; shift_y_down=\u00a0\u00bb0&Prime; z_index=\u00a0\u00bb0&Prime; medium_width=\u00a0\u00bb0&Prime; mobile_width=\u00a0\u00bb0&Prime; width=\u00a0\u00bb1\/2&Prime; uncode_shortcode_id=\u00a0\u00bb283957&Prime;][vc_icon position=\u00a0\u00bbleft\u00a0\u00bb title_aligned_icon=\u00a0\u00bbyes\u00a0\u00bb icon=\u00a0\u00bbfa fa-facebook-square\u00a0\u00bb icon_color=\u00a0\u00bbaccent\u00a0\u00bb background_style=\u00a0\u00bbfa-rounded\u00a0\u00bb size=\u00a0\u00bbfa-2x\u00a0\u00bb outline=\u00a0\u00bbyes\u00a0\u00bb add_margin=\u00a0\u00bbyes\u00a0\u00bb linked_title=\u00a0\u00bbyes\u00a0\u00bb text_lead=\u00a0\u00bbyes\u00a0\u00bb css_animation=\u00a0\u00bbright-t-left\u00a0\u00bb link=\u00a0\u00bburl:https%3A%2F%2Fwww.facebook.com%2FSebastienPla11|target:_blank\u00a0\u00bb title=\u00a0\u00bbFACEBOOK\u00a0\u00bb]<a href=\"https:\/\/www.facebook.com\/SebastienPla11\" target=\"_blank\" rel=\"noopener\">@sebastienpla11<\/a>[\/vc_icon][\/vc_column_inner][vc_column_inner column_width_percent=\u00a0\u00bb100&Prime; position_vertical=\u00a0\u00bbmiddle\u00a0\u00bb align_horizontal=\u00a0\u00bbalign_center\u00a0\u00bb gutter_size=\u00a0\u00bb3&Prime; overlay_alpha=\u00a0\u00bb50&Prime; shift_x=\u00a0\u00bb0&Prime; shift_y=\u00a0\u00bb0&Prime; shift_y_down=\u00a0\u00bb0&Prime; z_index=\u00a0\u00bb0&Prime; medium_width=\u00a0\u00bb0&Prime; mobile_width=\u00a0\u00bb0&Prime; width=\u00a0\u00bb1\/2&Prime;][vc_icon position=\u00a0\u00bbleft\u00a0\u00bb title_aligned_icon=\u00a0\u00bbyes\u00a0\u00bb icon=\u00a0\u00bbfa fa-instagram\u00a0\u00bb icon_color=\u00a0\u00bbaccent\u00a0\u00bb background_style=\u00a0\u00bbfa-rounded\u00a0\u00bb size=\u00a0\u00bbfa-2x\u00a0\u00bb outline=\u00a0\u00bbyes\u00a0\u00bb add_margin=\u00a0\u00bbyes\u00a0\u00bb linked_title=\u00a0\u00bbyes\u00a0\u00bb css_animation=\u00a0\u00bbright-t-left\u00a0\u00bb link=\u00a0\u00bburl:https%3A%2F%2Fwww.instagram.com%2Fsebastienpla_officiel%2F|title:%40sebastienpla_officiel|target:_blank\u00a0\u00bb title=\u00a0\u00bbINSTAGRAM\u00a0\u00bb uncode_shortcode_id=\u00a0\u00bb925703&Prime; icon_color_type=\u00a0\u00bbuncode-palette\u00a0\u00bb]<a href=\"https:\/\/www.instagram.com\/sebastienpla_officiel\/\" target=\"_blank\" rel=\"noopener\">@sebastienpla_officiel<\/a>[\/vc_icon][\/vc_column_inner][\/vc_row_inner][vc_row_inner row_inner_height_percent=\u00a0\u00bb0&Prime; overlay_alpha=\u00a0\u00bb50&Prime; gutter_size=\u00a0\u00bb3&Prime; shift_y=\u00a0\u00bb0&Prime; z_index=\u00a0\u00bb0&Prime; limit_content=\u00a0\u00bb\u00a0\u00bb][vc_column_inner column_width_percent=\u00a0\u00bb100&Prime; position_vertical=\u00a0\u00bbmiddle\u00a0\u00bb align_horizontal=\u00a0\u00bbalign_center\u00a0\u00bb gutter_size=\u00a0\u00bb3&Prime; overlay_alpha=\u00a0\u00bb50&Prime; shift_x=\u00a0\u00bb0&Prime; shift_y=\u00a0\u00bb0&Prime; shift_y_down=\u00a0\u00bb0&Prime; z_index=\u00a0\u00bb0&Prime; medium_width=\u00a0\u00bb0&Prime; mobile_width=\u00a0\u00bb0&Prime; width=\u00a0\u00bb1\/2&Prime;][vc_icon position=\u00a0\u00bbleft\u00a0\u00bb title_aligned_icon=\u00a0\u00bbyes\u00a0\u00bb icon=\u00a0\u00bbfa fa-twitter-square\u00a0\u00bb icon_color=\u00a0\u00bbaccent\u00a0\u00bb background_style=\u00a0\u00bbfa-rounded\u00a0\u00bb size=\u00a0\u00bbfa-2x\u00a0\u00bb outline=\u00a0\u00bbyes\u00a0\u00bb add_margin=\u00a0\u00bbyes\u00a0\u00bb linked_title=\u00a0\u00bbyes\u00a0\u00bb css_animation=\u00a0\u00bbright-t-left\u00a0\u00bb link=\u00a0\u00bburl:https%3A%2F%2Ftwitter.com%2Fsebastienpla%3Fs%3D20|target:_blank\u00a0\u00bb title=\u00a0\u00bbTWITTER\u00a0\u00bb]<a href=\"https:\/\/twitter.com\/sebastienpla?s=20\" target=\"_blank\" rel=\"noopener\">@sebastienpla<\/a>[\/vc_icon][\/vc_column_inner][vc_column_inner column_width_percent=\u00a0\u00bb100&Prime; position_vertical=\u00a0\u00bbmiddle\u00a0\u00bb align_horizontal=\u00a0\u00bbalign_center\u00a0\u00bb gutter_size=\u00a0\u00bb3&Prime; overlay_alpha=\u00a0\u00bb50&Prime; shift_x=\u00a0\u00bb0&Prime; shift_y=\u00a0\u00bb0&Prime; shift_y_down=\u00a0\u00bb0&Prime; z_index=\u00a0\u00bb0&Prime; medium_width=\u00a0\u00bb0&Prime; mobile_width=\u00a0\u00bb0&Prime; width=\u00a0\u00bb1\/2&Prime;][vc_icon position=\u00a0\u00bbleft\u00a0\u00bb title_aligned_icon=\u00a0\u00bbyes\u00a0\u00bb icon=\u00a0\u00bbfa fa-mail\u00a0\u00bb icon_color=\u00a0\u00bbaccent\u00a0\u00bb background_style=\u00a0\u00bbfa-rounded\u00a0\u00bb size=\u00a0\u00bbfa-2x\u00a0\u00bb outline=\u00a0\u00bbyes\u00a0\u00bb add_margin=\u00a0\u00bbyes\u00a0\u00bb linked_title=\u00a0\u00bbyes\u00a0\u00bb text_lead=\u00a0\u00bbsmall\u00a0\u00bb css_animation=\u00a0\u00bbright-t-left\u00a0\u00bb link=\u00a0\u00bburl:mailto%3Asenateursebastienpla%40gmail.com|target:_blank\u00a0\u00bb title=\u00a0\u00bbMAIL\u00a0\u00bb]<a href=\"mailto:senateursebastienpla@gmail.com\">senateursebastienpla@gmail.com<\/a>[\/vc_icon][\/vc_column_inner][\/vc_row_inner][\/vc_column][\/vc_row]<\/p>\n","protected":false},"excerpt":{"rendered":"<p>[vc_row unlock_row_content=\u00a0\u00bbyes\u00a0\u00bb row_height_percent=\u00a0\u00bb0&Prime; override_padding=\u00a0\u00bbyes\u00a0\u00bb h_padding=\u00a0\u00bb0&Prime; top_padding=\u00a0\u00bb0&Prime; bottom_padding=\u00a0\u00bb0&Prime; overlay_alpha=\u00a0\u00bb50&Prime; gutter_size=\u00a0\u00bb0&Prime; column_width_percent=\u00a0\u00bb100&Prime; shift_y=\u00a0\u00bb0&Prime; z_index=\u00a0\u00bb0&Prime; uncode_shortcode_id=\u00a0\u00bb668251&Prime;][vc_column width=\u00a0\u00bb7\/12&Prime;][\/vc_column][\/vc_row][vc_row unlock_row_content=\u00a0\u00bbyes\u00a0\u00bb row_height_percent=\u00a0\u00bb0&Prime; override_padding=\u00a0\u00bbyes\u00a0\u00bb h_padding=\u00a0\u00bb7&Prime; top_padding=\u00a0\u00bb2&Prime; bottom_padding=\u00a0\u00bb2&Prime; [&hellip;]<\/p>\n","protected":false},"author":1,"featured_media":0,"parent":0,"menu_order":0,"comment_status":"closed","ping_status":"closed","template":"","meta":{"footnotes":""},"class_list":["post-45","page","type-page","status-publish","hentry"],"yoast_head":"<!-- This site is optimized with the Yoast SEO plugin v22.0 - https:\/\/yoast.com\/wordpress\/plugins\/seo\/ -->\n<title>Me contacter - S\u00e9bastien Pla, S\u00e9nateur de l&#039;Aude<\/title>\n<meta name=\"description\" content=\"En circonscription comme \u00e0 Paris mes collaborateurs parlementaire : Monsieur Mathieu Houssin et Mesdames Sandra El Ouarghi et Sarah Faure.\" \/>\n<meta name=\"robots\" content=\"noindex, follow, max-snippet:-1, max-image-preview:large, max-video-preview:-1\" \/>\n<meta property=\"og:locale\" content=\"fr_FR\" \/>\n<meta property=\"og:type\" content=\"article\" \/>\n<meta property=\"og:title\" content=\"Me contacter - S\u00e9bastien Pla, S\u00e9nateur de l&#039;Aude\" \/>\n<meta property=\"og:description\" content=\"En circonscription comme \u00e0 Paris mes collaborateurs parlementaire : Monsieur Mathieu Houssin et Mesdames Sandra El Ouarghi et Sarah Faure.\" \/>\n<meta property=\"og:url\" content=\"https:\/\/www.sebastienpla.com\/PLA\/me-contacter\/\" \/>\n<meta property=\"og:site_name\" content=\"S\u00e9bastien Pla, S\u00e9nateur de l&#039;Aude\" \/>\n<meta property=\"article:modified_time\" content=\"2023-05-20T19:03:24+00:00\" \/>\n<meta name=\"twitter:card\" content=\"summary_large_image\" \/>\n<meta name=\"twitter:label1\" content=\"Dur\u00e9e de lecture estim\u00e9e\" \/>\n\t<meta name=\"twitter:data1\" content=\"3 minutes\" \/>\n<script type=\"application\/ld+json\" class=\"yoast-schema-graph\">{\"@context\":\"https:\/\/schema.org\",\"@graph\":[{\"@type\":\"WebPage\",\"@id\":\"https:\/\/www.sebastienpla.com\/PLA\/me-contacter\/\",\"url\":\"https:\/\/www.sebastienpla.com\/PLA\/me-contacter\/\",\"name\":\"Me contacter - S\u00e9bastien Pla, S\u00e9nateur de l&#039;Aude\",\"isPartOf\":{\"@id\":\"https:\/\/www.sebastienpla.com\/PLA\/#website\"},\"datePublished\":\"2021-06-10T09:42:30+00:00\",\"dateModified\":\"2023-05-20T19:03:24+00:00\",\"description\":\"En circonscription comme \u00e0 Paris mes collaborateurs parlementaire : Monsieur Mathieu Houssin et Mesdames Sandra El Ouarghi et Sarah Faure.\",\"breadcrumb\":{\"@id\":\"https:\/\/www.sebastienpla.com\/PLA\/me-contacter\/#breadcrumb\"},\"inLanguage\":\"fr-FR\",\"potentialAction\":[{\"@type\":\"ReadAction\",\"target\":[\"https:\/\/www.sebastienpla.com\/PLA\/me-contacter\/\"]}]},{\"@type\":\"BreadcrumbList\",\"@id\":\"https:\/\/www.sebastienpla.com\/PLA\/me-contacter\/#breadcrumb\",\"itemListElement\":[{\"@type\":\"ListItem\",\"position\":1,\"name\":\"Accueil\",\"item\":\"https:\/\/www.sebastienpla.com\/PLA\/\"},{\"@type\":\"ListItem\",\"position\":2,\"name\":\"Me contacter\"}]},{\"@type\":\"WebSite\",\"@id\":\"https:\/\/www.sebastienpla.com\/PLA\/#website\",\"url\":\"https:\/\/www.sebastienpla.com\/PLA\/\",\"name\":\"S\u00e9bastien Pla, S\u00e9nateur de l&#039;Aude\",\"description\":\"S\u00e9nateur de l&#039;Aude\",\"potentialAction\":[{\"@type\":\"SearchAction\",\"target\":{\"@type\":\"EntryPoint\",\"urlTemplate\":\"https:\/\/www.sebastienpla.com\/PLA\/?s={search_term_string}\"},\"query-input\":\"required name=search_term_string\"}],\"inLanguage\":\"fr-FR\"}]}<\/script>\n<!-- \/ Yoast SEO plugin. -->","yoast_head_json":{"title":"Me contacter - S\u00e9bastien Pla, S\u00e9nateur de l&#039;Aude","description":"En circonscription comme \u00e0 Paris mes collaborateurs parlementaire : Monsieur Mathieu Houssin et Mesdames Sandra El Ouarghi et Sarah Faure.","robots":{"index":"noindex","follow":"follow","max-snippet":"max-snippet:-1","max-image-preview":"max-image-preview:large","max-video-preview":"max-video-preview:-1"},"og_locale":"fr_FR","og_type":"article","og_title":"Me contacter - S\u00e9bastien Pla, S\u00e9nateur de l&#039;Aude","og_description":"En circonscription comme \u00e0 Paris mes collaborateurs parlementaire : Monsieur Mathieu Houssin et Mesdames Sandra El Ouarghi et Sarah Faure.","og_url":"https:\/\/www.sebastienpla.com\/PLA\/me-contacter\/","og_site_name":"S\u00e9bastien Pla, S\u00e9nateur de l&#039;Aude","article_modified_time":"2023-05-20T19:03:24+00:00","twitter_card":"summary_large_image","twitter_misc":{"Dur\u00e9e de lecture estim\u00e9e":"3 minutes"},"schema":{"@context":"https:\/\/schema.org","@graph":[{"@type":"WebPage","@id":"https:\/\/www.sebastienpla.com\/PLA\/me-contacter\/","url":"https:\/\/www.sebastienpla.com\/PLA\/me-contacter\/","name":"Me contacter - S\u00e9bastien Pla, S\u00e9nateur de l&#039;Aude","isPartOf":{"@id":"https:\/\/www.sebastienpla.com\/PLA\/#website"},"datePublished":"2021-06-10T09:42:30+00:00","dateModified":"2023-05-20T19:03:24+00:00","description":"En circonscription comme \u00e0 Paris mes collaborateurs parlementaire : Monsieur Mathieu Houssin et Mesdames Sandra El Ouarghi et Sarah Faure.","breadcrumb":{"@id":"https:\/\/www.sebastienpla.com\/PLA\/me-contacter\/#breadcrumb"},"inLanguage":"fr-FR","potentialAction":[{"@type":"ReadAction","target":["https:\/\/www.sebastienpla.com\/PLA\/me-contacter\/"]}]},{"@type":"BreadcrumbList","@id":"https:\/\/www.sebastienpla.com\/PLA\/me-contacter\/#breadcrumb","itemListElement":[{"@type":"ListItem","position":1,"name":"Accueil","item":"https:\/\/www.sebastienpla.com\/PLA\/"},{"@type":"ListItem","position":2,"name":"Me contacter"}]},{"@type":"WebSite","@id":"https:\/\/www.sebastienpla.com\/PLA\/#website","url":"https:\/\/www.sebastienpla.com\/PLA\/","name":"S\u00e9bastien Pla, S\u00e9nateur de l&#039;Aude","description":"S\u00e9nateur de l&#039;Aude","potentialAction":[{"@type":"SearchAction","target":{"@type":"EntryPoint","urlTemplate":"https:\/\/www.sebastienpla.com\/PLA\/?s={search_term_string}"},"query-input":"required name=search_term_string"}],"inLanguage":"fr-FR"}]}},"_links":{"self":[{"href":"https:\/\/www.sebastienpla.com\/PLA\/wp-json\/wp\/v2\/pages\/45","targetHints":{"allow":["GET"]}}],"collection":[{"href":"https:\/\/www.sebastienpla.com\/PLA\/wp-json\/wp\/v2\/pages"}],"about":[{"href":"https:\/\/www.sebastienpla.com\/PLA\/wp-json\/wp\/v2\/types\/page"}],"author":[{"embeddable":true,"href":"https:\/\/www.sebastienpla.com\/PLA\/wp-json\/wp\/v2\/users\/1"}],"replies":[{"embeddable":true,"href":"https:\/\/www.sebastienpla.com\/PLA\/wp-json\/wp\/v2\/comments?post=45"}],"version-history":[{"count":42,"href":"https:\/\/www.sebastienpla.com\/PLA\/wp-json\/wp\/v2\/pages\/45\/revisions"}],"predecessor-version":[{"id":1109,"href":"https:\/\/www.sebastienpla.com\/PLA\/wp-json\/wp\/v2\/pages\/45\/revisions\/1109"}],"wp:attachment":[{"href":"https:\/\/www.sebastienpla.com\/PLA\/wp-json\/wp\/v2\/media?parent=45"}],"curies":[{"name":"wp","href":"https:\/\/api.w.org\/{rel}","templated":true}]}}