{"id":400,"date":"2021-07-27T14:58:02","date_gmt":"2021-07-27T12:58:02","guid":{"rendered":"http:\/\/pla.agenceverri-web.fr\/?page_id=400"},"modified":"2021-10-27T14:39:26","modified_gmt":"2021-10-27T12:39:26","slug":"societe","status":"publish","type":"page","link":"https:\/\/www.sebastienpla.com\/PLA\/societe\/","title":{"rendered":"Soci\u00e9t\u00e9"},"content":{"rendered":"<p>[vc_row unlock_row_content=\u00a0\u00bbyes\u00a0\u00bb row_height_percent=\u00a0\u00bb100&Prime; override_padding=\u00a0\u00bbyes\u00a0\u00bb h_padding=\u00a0\u00bb1&Prime; top_padding=\u00a0\u00bb2&Prime; bottom_padding=\u00a0\u00bb2&Prime; back_image=\u00a0\u00bb403&Prime; back_position=\u00a0\u00bbleft bottom\u00a0\u00bb parallax=\u00a0\u00bbyes\u00a0\u00bb kburns=\u00a0\u00bbyes\u00a0\u00bb overlay_alpha=\u00a0\u00bb50&Prime; gutter_size=\u00a0\u00bb0&Prime; column_width_percent=\u00a0\u00bb100&Prime; shift_y=\u00a0\u00bb0&Prime; z_index=\u00a0\u00bb0&Prime; uncode_shortcode_id=\u00a0\u00bb203687&Prime; css=\u00a0\u00bb.vc_custom_1632298040204{padding-right: 2vw !important;padding-left: 0px !important;}\u00a0\u00bb][vc_column column_width_percent=\u00a0\u00bb100&Prime; gutter_size=\u00a0\u00bb3&Prime; overlay_alpha=\u00a0\u00bb50&Prime; shift_x=\u00a0\u00bb0&Prime; shift_y=\u00a0\u00bb0&Prime; shift_y_down=\u00a0\u00bb0&Prime; z_index=\u00a0\u00bb0&Prime; medium_width=\u00a0\u00bb0&Prime; mobile_width=\u00a0\u00bb0&Prime; width=\u00a0\u00bb1\/4&Prime; uncode_shortcode_id=\u00a0\u00bb587714&Prime; css=\u00a0\u00bb.vc_custom_1632298029078{padding-top: 1vw !important;padding-right: 1vw !important;padding-bottom: 1vw !important;padding-left: 1vw !important;}\u00a0\u00bb][vc_row_inner limit_content=\u00a0\u00bb\u00a0\u00bb][vc_column_inner column_width_percent=\u00a0\u00bb100&Prime; gutter_size=\u00a0\u00bb3&Prime; back_color=\u00a0\u00bbcolor-xsdn\u00a0\u00bb overlay_alpha=\u00a0\u00bb50&Prime; shift_x=\u00a0\u00bb0&Prime; shift_y=\u00a0\u00bb0&Prime; shift_y_down=\u00a0\u00bb0&Prime; z_index=\u00a0\u00bb0&Prime; medium_width=\u00a0\u00bb0&Prime; mobile_width=\u00a0\u00bb0&Prime; width=\u00a0\u00bb1\/1&Prime; uncode_shortcode_id=\u00a0\u00bb454423&Prime; back_color_type=\u00a0\u00bbuncode-palette\u00a0\u00bb][vc_custom_heading text_size=\u00a0\u00bbh3&Prime; separator=\u00a0\u00bbyes\u00a0\u00bb separator_color=\u00a0\u00bbyes\u00a0\u00bb uncode_shortcode_id=\u00a0\u00bb412329&Prime; el_class=\u00a0\u00bbrespons\u00a0\u00bb]<strong>SOCI\u00c9T\u00c9<\/strong>[\/vc_custom_heading][\/vc_column_inner][\/vc_row_inner][\/vc_column][vc_column column_width_percent=\u00a0\u00bb95&Prime; gutter_size=\u00a0\u00bb3&Prime; style=\u00a0\u00bblight\u00a0\u00bb back_color=\u00a0\u00bbcolor-xsdn\u00a0\u00bb overlay_alpha=\u00a0\u00bb50&Prime; shift_x=\u00a0\u00bb0&Prime; shift_y=\u00a0\u00bb3&Prime; shift_y_down=\u00a0\u00bb0&Prime; z_index=\u00a0\u00bb0&Prime; medium_width=\u00a0\u00bb0&Prime; mobile_width=\u00a0\u00bb0&Prime; width=\u00a0\u00bb3\/4&Prime; uncode_shortcode_id=\u00a0\u00bb153585&Prime; back_color_type=\u00a0\u00bbuncode-palette\u00a0\u00bb][vc_tabs][vc_tab gutter_size=\u00a0\u00bb2&Prime; column_padding=\u00a0\u00bb2&Prime; title=\u00a0\u00bbMon actualit\u00e9\u00a0\u00bb tab_id=\u00a0\u00bb1631611982854-2-7&Prime;][vc_row_inner row_inner_height_percent=\u00a0\u00bb0&Prime; overlay_alpha=\u00a0\u00bb50&Prime; gutter_size=\u00a0\u00bb3&Prime; shift_y=\u00a0\u00bb0&Prime; z_index=\u00a0\u00bb0&Prime; medium_visibility=\u00a0\u00bbyes\u00a0\u00bb mobile_visibility=\u00a0\u00bbyes\u00a0\u00bb uncode_shortcode_id=\u00a0\u00bb141845&Prime; css=\u00a0\u00bb.vc_custom_1632140729902{margin-top: 0px !important;margin-bottom: 0px !important;padding-top: 0px !important;padding-right: 0px !important;padding-bottom: 0px !important;padding-left: 0px !important;}\u00a0\u00bb limit_content=\u00a0\u00bb\u00a0\u00bb][vc_column_inner column_width_percent=\u00a0\u00bb100&Prime; gutter_size=\u00a0\u00bb3&Prime; override_padding=\u00a0\u00bbyes\u00a0\u00bb column_padding=\u00a0\u00bb0&Prime; overlay_alpha=\u00a0\u00bb50&Prime; shift_x=\u00a0\u00bb0&Prime; shift_y=\u00a0\u00bb0&Prime; shift_y_down=\u00a0\u00bb0&Prime; z_index=\u00a0\u00bb0&Prime; medium_width=\u00a0\u00bb0&Prime; mobile_width=\u00a0\u00bb0&Prime; width=\u00a0\u00bb1\/1&Prime; uncode_shortcode_id=\u00a0\u00bb127356&Prime; css=\u00a0\u00bb.vc_custom_1632140304514{padding-top: 0px !important;padding-right: 0px !important;padding-bottom: 0px !important;padding-left: 0px !important;}\u00a0\u00bb][uncode_index el_id=\u00a0\u00bbindex-17398776754&Prime; isotope_mode=\u00a0\u00bbfitRows\u00a0\u00bb loop=\u00a0\u00bbsize:3|order_by:menu_order|order:ASC|post_type:post|categories:10|taxonomy_count:10&Prime; pagination=\u00a0\u00bbyes\u00a0\u00bb pagination_disable_history=\u00a0\u00bbyes\u00a0\u00bb gutter_size=\u00a0\u00bb3&Prime; post_items=\u00a0\u00bbmedia|featured|onpost|original,title,text|full|500,sep-one|full,link|default|default_size\u00a0\u00bb screen_lg=\u00a0\u00bb1000&Prime; screen_md=\u00a0\u00bb600&Prime; screen_sm=\u00a0\u00bb480&Prime; images_size=\u00a0\u00bbfour-three\u00a0\u00bb single_overlay_opacity=\u00a0\u00bb50&Prime; single_padding=\u00a0\u00bb2&Prime; single_title_family=\u00a0\u00bbfont-446432&Prime; single_title_dimension=\u00a0\u00bbh1&Prime; single_title_weight=\u00a0\u00bb300&Prime; single_title_space=\u00a0\u00bbfontspace-490772&Prime; el_class=\u00a0\u00bbactu\u00a0\u00bb uncode_shortcode_id=\u00a0\u00bb162417&Prime;][\/vc_column_inner][\/vc_row_inner][vc_row_inner row_inner_height_percent=\u00a0\u00bb0&Prime; overlay_alpha=\u00a0\u00bb50&Prime; gutter_size=\u00a0\u00bb3&Prime; shift_y=\u00a0\u00bb0&Prime; z_index=\u00a0\u00bb0&Prime; desktop_visibility=\u00a0\u00bbyes\u00a0\u00bb mobile_visibility=\u00a0\u00bbyes\u00a0\u00bb uncode_shortcode_id=\u00a0\u00bb571340&Prime; css=\u00a0\u00bb.vc_custom_1632140725560{margin-top: 0px !important;margin-bottom: 0px !important;padding-top: 0px !important;padding-right: 0px !important;padding-bottom: 0px !important;padding-left: 0px !important;}\u00a0\u00bb limit_content=\u00a0\u00bb\u00a0\u00bb][vc_column_inner column_width_percent=\u00a0\u00bb100&Prime; gutter_size=\u00a0\u00bb3&Prime; override_padding=\u00a0\u00bbyes\u00a0\u00bb column_padding=\u00a0\u00bb0&Prime; overlay_alpha=\u00a0\u00bb50&Prime; shift_x=\u00a0\u00bb0&Prime; shift_y=\u00a0\u00bb0&Prime; shift_y_down=\u00a0\u00bb0&Prime; z_index=\u00a0\u00bb0&Prime; medium_width=\u00a0\u00bb0&Prime; mobile_width=\u00a0\u00bb0&Prime; width=\u00a0\u00bb1\/1&Prime; uncode_shortcode_id=\u00a0\u00bb127356&Prime; css=\u00a0\u00bb.vc_custom_1632140304514{padding-top: 0px !important;padding-right: 0px !important;padding-bottom: 0px !important;padding-left: 0px !important;}\u00a0\u00bb][uncode_index el_id=\u00a0\u00bbindex-173987645327&Prime; isotope_mode=\u00a0\u00bbfitRows\u00a0\u00bb loop=\u00a0\u00bbsize:2|order_by:date|order:DESC|post_type:post|categories:10|taxonomy_count:10&Prime; pagination=\u00a0\u00bbyes\u00a0\u00bb pagination_disable_history=\u00a0\u00bbyes\u00a0\u00bb gutter_size=\u00a0\u00bb3&Prime; post_items=\u00a0\u00bbmedia|featured|onpost|original,title,text|full|250,sep-one|full,link|default|default_size\u00a0\u00bb screen_lg=\u00a0\u00bb1000&Prime; screen_md=\u00a0\u00bb600&Prime; screen_sm=\u00a0\u00bb480&Prime; images_size=\u00a0\u00bbfour-three\u00a0\u00bb single_overlay_opacity=\u00a0\u00bb50&Prime; single_padding=\u00a0\u00bb2&Prime; single_title_family=\u00a0\u00bbfont-446432&Prime; single_title_dimension=\u00a0\u00bbh1&Prime; single_title_weight=\u00a0\u00bb300&Prime; single_title_space=\u00a0\u00bbfontspace-490772&Prime; el_class=\u00a0\u00bbactu\u00a0\u00bb uncode_shortcode_id=\u00a0\u00bb656941&Prime;][\/vc_column_inner][\/vc_row_inner][vc_row_inner row_inner_height_percent=\u00a0\u00bb0&Prime; overlay_alpha=\u00a0\u00bb50&Prime; gutter_size=\u00a0\u00bb3&Prime; shift_y=\u00a0\u00bb0&Prime; z_index=\u00a0\u00bb0&Prime; desktop_visibility=\u00a0\u00bbyes\u00a0\u00bb medium_visibility=\u00a0\u00bbyes\u00a0\u00bb uncode_shortcode_id=\u00a0\u00bb144535&Prime; css=\u00a0\u00bb.vc_custom_1632140721308{margin-top: 0px !important;margin-bottom: 0px !important;padding-top: 0px !important;padding-right: 0px !important;padding-bottom: 0px !important;padding-left: 0px !important;}\u00a0\u00bb limit_content=\u00a0\u00bb\u00a0\u00bb][vc_column_inner column_width_percent=\u00a0\u00bb100&Prime; gutter_size=\u00a0\u00bb3&Prime; override_padding=\u00a0\u00bbyes\u00a0\u00bb column_padding=\u00a0\u00bb0&Prime; overlay_alpha=\u00a0\u00bb50&Prime; shift_x=\u00a0\u00bb0&Prime; shift_y=\u00a0\u00bb0&Prime; shift_y_down=\u00a0\u00bb0&Prime; z_index=\u00a0\u00bb0&Prime; medium_width=\u00a0\u00bb0&Prime; mobile_width=\u00a0\u00bb0&Prime; width=\u00a0\u00bb1\/1&Prime; uncode_shortcode_id=\u00a0\u00bb127356&Prime; css=\u00a0\u00bb.vc_custom_1632140304514{padding-top: 0px !important;padding-right: 0px !important;padding-bottom: 0px !important;padding-left: 0px !important;}\u00a0\u00bb][uncode_index el_id=\u00a0\u00bbindex-173987576576324&Prime; isotope_mode=\u00a0\u00bbfitRows\u00a0\u00bb loop=\u00a0\u00bbsize:1|order_by:date|order:DESC|post_type:post|categories:10|taxonomy_count:10&Prime; pagination=\u00a0\u00bbyes\u00a0\u00bb pagination_disable_history=\u00a0\u00bbyes\u00a0\u00bb gutter_size=\u00a0\u00bb3&Prime; post_items=\u00a0\u00bbmedia|featured|onpost|original,title,text|full|150,sep-one|full,link|default|default_size\u00a0\u00bb screen_lg=\u00a0\u00bb1000&Prime; screen_md=\u00a0\u00bb600&Prime; screen_sm=\u00a0\u00bb480&Prime; single_width=\u00a0\u00bb12&Prime; images_size=\u00a0\u00bbfour-three\u00a0\u00bb single_overlay_opacity=\u00a0\u00bb50&Prime; single_padding=\u00a0\u00bb2&Prime; single_title_family=\u00a0\u00bbfont-446432&Prime; single_title_dimension=\u00a0\u00bbh3&Prime; single_title_weight=\u00a0\u00bb300&Prime; single_title_space=\u00a0\u00bbfontspace-490772&Prime; el_class=\u00a0\u00bbactu\u00a0\u00bb uncode_shortcode_id=\u00a0\u00bb658162&Prime;][\/vc_column_inner][\/vc_row_inner][\/vc_tab][vc_tab gutter_size=\u00a0\u00bb2&Prime; column_padding=\u00a0\u00bb2&Prime; title=\u00a0\u00bbQuestions \u00c9crites\u00a0\u00bb tab_id=\u00a0\u00bb1627305231-1-66&Prime;][vc_custom_heading]Pas encore de questions \u00e9crites \u00e0 propos de ce sujet.[\/vc_custom_heading][\/vc_tab][vc_tab gutter_size=\u00a0\u00bb2&Prime; column_padding=\u00a0\u00bb2&Prime; title=\u00a0\u00bbInterventions\u00a0\u00bb tab_id=\u00a0\u00bb1627305231-2-11&Prime;][vc_custom_heading]Pas encore d&rsquo;interventions \u00e0 propos de ce sujet.[\/vc_custom_heading][\/vc_tab][\/vc_tabs][\/vc_column][\/vc_row]<\/p>\n","protected":false},"excerpt":{"rendered":"<p>[vc_row unlock_row_content=\u00a0\u00bbyes\u00a0\u00bb row_height_percent=\u00a0\u00bb100&Prime; override_padding=\u00a0\u00bbyes\u00a0\u00bb h_padding=\u00a0\u00bb1&Prime; top_padding=\u00a0\u00bb2&Prime; bottom_padding=\u00a0\u00bb2&Prime; back_image=\u00a0\u00bb403&Prime; back_position=\u00a0\u00bbleft bottom\u00a0\u00bb parallax=\u00a0\u00bbyes\u00a0\u00bb kburns=\u00a0\u00bbyes\u00a0\u00bb overlay_alpha=\u00a0\u00bb50&Prime; gutter_size=\u00a0\u00bb0&Prime; column_width_percent=\u00a0\u00bb100&Prime; shift_y=\u00a0\u00bb0&Prime; z_index=\u00a0\u00bb0&Prime; uncode_shortcode_id=\u00a0\u00bb203687&Prime; css=\u00a0\u00bb.vc_custom_1632298040204{padding-right: 2vw [&hellip;]<\/p>\n","protected":false},"author":1,"featured_media":0,"parent":0,"menu_order":0,"comment_status":"closed","ping_status":"closed","template":"","meta":{"footnotes":""},"class_list":["post-400","page","type-page","status-publish","hentry"],"yoast_head":"<!-- This site is optimized with the Yoast SEO plugin v22.0 - https:\/\/yoast.com\/wordpress\/plugins\/seo\/ -->\n<title>Actualit\u00e9s et informations - Soci\u00e9t\u00e9 - S\u00e9bastien Pla, S\u00e9nateur de l&#039;Aude<\/title>\n<meta name=\"description\" content=\"Toute l&#039;actualit\u00e9 sur le sujet Soci\u00e9t\u00e9. Consultez l&#039;ensemble des articles, reportages, directs, photos et vid\u00e9os de la rubrique Soci\u00e9t\u00e9.\" \/>\n<meta name=\"robots\" content=\"noindex, follow, max-snippet:-1, max-image-preview:large, max-video-preview:-1\" \/>\n<meta property=\"og:locale\" content=\"fr_FR\" \/>\n<meta property=\"og:type\" content=\"article\" \/>\n<meta property=\"og:title\" content=\"Actualit\u00e9s et informations - Soci\u00e9t\u00e9 - S\u00e9bastien Pla, S\u00e9nateur de l&#039;Aude\" \/>\n<meta property=\"og:description\" content=\"Toute l&#039;actualit\u00e9 sur le sujet Soci\u00e9t\u00e9. Consultez l&#039;ensemble des articles, reportages, directs, photos et vid\u00e9os de la rubrique Soci\u00e9t\u00e9.\" \/>\n<meta property=\"og:url\" content=\"https:\/\/www.sebastienpla.com\/PLA\/societe\/\" \/>\n<meta property=\"og:site_name\" content=\"S\u00e9bastien Pla, S\u00e9nateur de l&#039;Aude\" \/>\n<meta property=\"article:modified_time\" content=\"2021-10-27T12:39:26+00:00\" \/>\n<meta name=\"twitter:card\" content=\"summary_large_image\" \/>\n<meta name=\"twitter:label1\" content=\"Dur\u00e9e de lecture estim\u00e9e\" \/>\n\t<meta name=\"twitter:data1\" content=\"4 minutes\" \/>\n<script type=\"application\/ld+json\" class=\"yoast-schema-graph\">{\"@context\":\"https:\/\/schema.org\",\"@graph\":[{\"@type\":\"WebPage\",\"@id\":\"https:\/\/www.sebastienpla.com\/PLA\/societe\/\",\"url\":\"https:\/\/www.sebastienpla.com\/PLA\/societe\/\",\"name\":\"Actualit\u00e9s et informations - Soci\u00e9t\u00e9 - S\u00e9bastien Pla, S\u00e9nateur de l&#039;Aude\",\"isPartOf\":{\"@id\":\"https:\/\/www.sebastienpla.com\/PLA\/#website\"},\"datePublished\":\"2021-07-27T12:58:02+00:00\",\"dateModified\":\"2021-10-27T12:39:26+00:00\",\"description\":\"Toute l'actualit\u00e9 sur le sujet Soci\u00e9t\u00e9. Consultez l'ensemble des articles, reportages, directs, photos et vid\u00e9os de la rubrique Soci\u00e9t\u00e9.\",\"breadcrumb\":{\"@id\":\"https:\/\/www.sebastienpla.com\/PLA\/societe\/#breadcrumb\"},\"inLanguage\":\"fr-FR\",\"potentialAction\":[{\"@type\":\"ReadAction\",\"target\":[\"https:\/\/www.sebastienpla.com\/PLA\/societe\/\"]}]},{\"@type\":\"BreadcrumbList\",\"@id\":\"https:\/\/www.sebastienpla.com\/PLA\/societe\/#breadcrumb\",\"itemListElement\":[{\"@type\":\"ListItem\",\"position\":1,\"name\":\"Accueil\",\"item\":\"https:\/\/www.sebastienpla.com\/PLA\/\"},{\"@type\":\"ListItem\",\"position\":2,\"name\":\"Soci\u00e9t\u00e9\"}]},{\"@type\":\"WebSite\",\"@id\":\"https:\/\/www.sebastienpla.com\/PLA\/#website\",\"url\":\"https:\/\/www.sebastienpla.com\/PLA\/\",\"name\":\"S\u00e9bastien Pla, S\u00e9nateur de l&#039;Aude\",\"description\":\"S\u00e9nateur de l&#039;Aude\",\"potentialAction\":[{\"@type\":\"SearchAction\",\"target\":{\"@type\":\"EntryPoint\",\"urlTemplate\":\"https:\/\/www.sebastienpla.com\/PLA\/?s={search_term_string}\"},\"query-input\":\"required name=search_term_string\"}],\"inLanguage\":\"fr-FR\"}]}<\/script>\n<!-- \/ Yoast SEO plugin. -->","yoast_head_json":{"title":"Actualit\u00e9s et informations - Soci\u00e9t\u00e9 - S\u00e9bastien Pla, S\u00e9nateur de l&#039;Aude","description":"Toute l'actualit\u00e9 sur le sujet Soci\u00e9t\u00e9. Consultez l'ensemble des articles, reportages, directs, photos et vid\u00e9os de la rubrique Soci\u00e9t\u00e9.","robots":{"index":"noindex","follow":"follow","max-snippet":"max-snippet:-1","max-image-preview":"max-image-preview:large","max-video-preview":"max-video-preview:-1"},"og_locale":"fr_FR","og_type":"article","og_title":"Actualit\u00e9s et informations - Soci\u00e9t\u00e9 - S\u00e9bastien Pla, S\u00e9nateur de l&#039;Aude","og_description":"Toute l'actualit\u00e9 sur le sujet Soci\u00e9t\u00e9. Consultez l'ensemble des articles, reportages, directs, photos et vid\u00e9os de la rubrique Soci\u00e9t\u00e9.","og_url":"https:\/\/www.sebastienpla.com\/PLA\/societe\/","og_site_name":"S\u00e9bastien Pla, S\u00e9nateur de l&#039;Aude","article_modified_time":"2021-10-27T12:39:26+00:00","twitter_card":"summary_large_image","twitter_misc":{"Dur\u00e9e de lecture estim\u00e9e":"4 minutes"},"schema":{"@context":"https:\/\/schema.org","@graph":[{"@type":"WebPage","@id":"https:\/\/www.sebastienpla.com\/PLA\/societe\/","url":"https:\/\/www.sebastienpla.com\/PLA\/societe\/","name":"Actualit\u00e9s et informations - Soci\u00e9t\u00e9 - S\u00e9bastien Pla, S\u00e9nateur de l&#039;Aude","isPartOf":{"@id":"https:\/\/www.sebastienpla.com\/PLA\/#website"},"datePublished":"2021-07-27T12:58:02+00:00","dateModified":"2021-10-27T12:39:26+00:00","description":"Toute l'actualit\u00e9 sur le sujet Soci\u00e9t\u00e9. Consultez l'ensemble des articles, reportages, directs, photos et vid\u00e9os de la rubrique Soci\u00e9t\u00e9.","breadcrumb":{"@id":"https:\/\/www.sebastienpla.com\/PLA\/societe\/#breadcrumb"},"inLanguage":"fr-FR","potentialAction":[{"@type":"ReadAction","target":["https:\/\/www.sebastienpla.com\/PLA\/societe\/"]}]},{"@type":"BreadcrumbList","@id":"https:\/\/www.sebastienpla.com\/PLA\/societe\/#breadcrumb","itemListElement":[{"@type":"ListItem","position":1,"name":"Accueil","item":"https:\/\/www.sebastienpla.com\/PLA\/"},{"@type":"ListItem","position":2,"name":"Soci\u00e9t\u00e9"}]},{"@type":"WebSite","@id":"https:\/\/www.sebastienpla.com\/PLA\/#website","url":"https:\/\/www.sebastienpla.com\/PLA\/","name":"S\u00e9bastien Pla, S\u00e9nateur de l&#039;Aude","description":"S\u00e9nateur de l&#039;Aude","potentialAction":[{"@type":"SearchAction","target":{"@type":"EntryPoint","urlTemplate":"https:\/\/www.sebastienpla.com\/PLA\/?s={search_term_string}"},"query-input":"required name=search_term_string"}],"inLanguage":"fr-FR"}]}},"_links":{"self":[{"href":"https:\/\/www.sebastienpla.com\/PLA\/wp-json\/wp\/v2\/pages\/400","targetHints":{"allow":["GET"]}}],"collection":[{"href":"https:\/\/www.sebastienpla.com\/PLA\/wp-json\/wp\/v2\/pages"}],"about":[{"href":"https:\/\/www.sebastienpla.com\/PLA\/wp-json\/wp\/v2\/types\/page"}],"author":[{"embeddable":true,"href":"https:\/\/www.sebastienpla.com\/PLA\/wp-json\/wp\/v2\/users\/1"}],"replies":[{"embeddable":true,"href":"https:\/\/www.sebastienpla.com\/PLA\/wp-json\/wp\/v2\/comments?post=400"}],"version-history":[{"count":23,"href":"https:\/\/www.sebastienpla.com\/PLA\/wp-json\/wp\/v2\/pages\/400\/revisions"}],"predecessor-version":[{"id":930,"href":"https:\/\/www.sebastienpla.com\/PLA\/wp-json\/wp\/v2\/pages\/400\/revisions\/930"}],"wp:attachment":[{"href":"https:\/\/www.sebastienpla.com\/PLA\/wp-json\/wp\/v2\/media?parent=400"}],"curies":[{"name":"wp","href":"https:\/\/api.w.org\/{rel}","templated":true}]}}