{"id":28,"date":"2021-06-10T11:41:58","date_gmt":"2021-06-10T09:41:58","guid":{"rendered":"http:\/\/pla.agenceverri-web.fr\/?page_id=28"},"modified":"2021-10-27T15:12:33","modified_gmt":"2021-10-27T13:12:33","slug":"en-image","status":"publish","type":"page","link":"https:\/\/www.sebastienpla.com\/PLA\/en-image\/","title":{"rendered":"En image"},"content":{"rendered":"<p>[vc_row row_height_percent=\u00a0\u00bb100&Prime; back_color=\u00a0\u00bbaccent\u00a0\u00bb overlay_alpha=\u00a0\u00bb0&Prime; gutter_size=\u00a0\u00bb100&Prime; column_width_percent=\u00a0\u00bb100&Prime; shift_y=\u00a0\u00bb0&Prime; z_index=\u00a0\u00bb0&Prime; top_divider=\u00a0\u00bbgradient\u00a0\u00bb style=\u00a0\u00bbinherited\u00a0\u00bb row_name=\u00a0\u00bbGallery\u00a0\u00bb shape_dividers=\u00a0\u00bb\u00a0\u00bb][vc_column column_width_percent=\u00a0\u00bb100&Prime; position_vertical=\u00a0\u00bbmiddle\u00a0\u00bb align_horizontal=\u00a0\u00bbalign_center\u00a0\u00bb gutter_size=\u00a0\u00bb4&Prime; style=\u00a0\u00bbdark\u00a0\u00bb overlay_alpha=\u00a0\u00bb100&Prime; shift_x=\u00a0\u00bb0&Prime; shift_y=\u00a0\u00bb0&Prime; shift_y_down=\u00a0\u00bb0&Prime; z_index=\u00a0\u00bb0&Prime; medium_width=\u00a0\u00bb0&Prime; mobile_width=\u00a0\u00bb0&Prime; zoom_width=\u00a0\u00bb0&Prime; zoom_height=\u00a0\u00bb0&Prime; width=\u00a0\u00bb1\/1&Prime; mobile_width_full=\u00a0\u00bb\u00a0\u00bb][vc_gallery el_id=\u00a0\u00bbgallery-73689423&Prime; random=\u00a0\u00bbyes\u00a0\u00bb medias=\u00a0\u00bb62,63,64,65,66,67,69,70,61,68&Prime; gutter_size=\u00a0\u00bb3&Prime; media_items=\u00a0\u00bbmedia|lightbox|original,icon|md\u00a0\u00bb screen_lg=\u00a0\u00bb1000&Prime; screen_md=\u00a0\u00bb600&Prime; screen_sm=\u00a0\u00bb480&Prime; single_shape=\u00a0\u00bbround\u00a0\u00bb radius=\u00a0\u00bbxs\u00a0\u00bb single_overlay_color=\u00a0\u00bbcolor-wayh\u00a0\u00bb single_overlay_opacity=\u00a0\u00bb50&Prime; single_overlay_anim=\u00a0\u00bbno\u00a0\u00bb single_text_anim=\u00a0\u00bbno\u00a0\u00bb single_image_anim=\u00a0\u00bbno\u00a0\u00bb single_h_align=\u00a0\u00bbcenter\u00a0\u00bb single_padding=\u00a0\u00bb2&Prime; single_icon=\u00a0\u00bbfa fa-plus2&Prime; single_shadow=\u00a0\u00bbyes\u00a0\u00bb shadow_weight=\u00a0\u00bbxl\u00a0\u00bb shadow_darker=\u00a0\u00bbyes\u00a0\u00bb single_border=\u00a0\u00bbyes\u00a0\u00bb single_css_animation=\u00a0\u00bbzoom-in\u00a0\u00bb single_animation_delay=\u00a0\u00bb200&Prime; lbox_no_tmb=\u00a0\u00bbyes\u00a0\u00bb carousel_rtl=\u00a0\u00bb\u00a0\u00bb single_title_uppercase=\u00a0\u00bb\u00a0\u00bb single_half_padding=\u00a0\u00bb\u00a0\u00bb single_title_serif=\u00a0\u00bb\u00a0\u00bb single_no_background=\u00a0\u00bb\u00a0\u00bb][\/vc_column][\/vc_row]<\/p>\n","protected":false},"excerpt":{"rendered":"<p>[vc_row row_height_percent=\u00a0\u00bb100&Prime; back_color=\u00a0\u00bbaccent\u00a0\u00bb overlay_alpha=\u00a0\u00bb0&Prime; gutter_size=\u00a0\u00bb100&Prime; column_width_percent=\u00a0\u00bb100&Prime; shift_y=\u00a0\u00bb0&Prime; z_index=\u00a0\u00bb0&Prime; top_divider=\u00a0\u00bbgradient\u00a0\u00bb style=\u00a0\u00bbinherited\u00a0\u00bb row_name=\u00a0\u00bbGallery\u00a0\u00bb shape_dividers=\u00a0\u00bb\u00a0\u00bb][vc_column column_width_percent=\u00a0\u00bb100&Prime; position_vertical=\u00a0\u00bbmiddle\u00a0\u00bb align_horizontal=\u00a0\u00bbalign_center\u00a0\u00bb gutter_size=\u00a0\u00bb4&Prime; style=\u00a0\u00bbdark\u00a0\u00bb overlay_alpha=\u00a0\u00bb100&Prime; shift_x=\u00a0\u00bb0&Prime; shift_y=\u00a0\u00bb0&Prime; [&hellip;]<\/p>\n","protected":false},"author":1,"featured_media":0,"parent":0,"menu_order":0,"comment_status":"closed","ping_status":"closed","template":"","meta":{"footnotes":""},"class_list":["post-28","page","type-page","status-publish","hentry"],"yoast_head":"<!-- This site is optimized with the Yoast SEO plugin v22.0 - https:\/\/yoast.com\/wordpress\/plugins\/seo\/ -->\n<title>En image - S\u00e9bastien Pla, S\u00e9nateur de l&#039;Aude<\/title>\n<meta name=\"description\" content=\"Carrousel en image de S\u00e9bastien Pla, S\u00e9nateur de l&#039;Aude\" \/>\n<meta name=\"robots\" content=\"noindex, follow, max-snippet:-1, max-image-preview:large, max-video-preview:-1\" \/>\n<meta property=\"og:locale\" content=\"fr_FR\" \/>\n<meta property=\"og:type\" content=\"article\" \/>\n<meta property=\"og:title\" content=\"En image - S\u00e9bastien Pla, S\u00e9nateur de l&#039;Aude\" \/>\n<meta property=\"og:description\" content=\"Carrousel en image de S\u00e9bastien Pla, S\u00e9nateur de l&#039;Aude\" \/>\n<meta property=\"og:url\" content=\"https:\/\/www.sebastienpla.com\/PLA\/en-image\/\" \/>\n<meta property=\"og:site_name\" content=\"S\u00e9bastien Pla, S\u00e9nateur de l&#039;Aude\" \/>\n<meta property=\"article:modified_time\" content=\"2021-10-27T13:12:33+00:00\" \/>\n<meta name=\"twitter:card\" content=\"summary_large_image\" \/>\n<meta name=\"twitter:label1\" content=\"Dur\u00e9e de lecture estim\u00e9e\" \/>\n\t<meta name=\"twitter:data1\" content=\"1 minute\" \/>\n<script type=\"application\/ld+json\" class=\"yoast-schema-graph\">{\"@context\":\"https:\/\/schema.org\",\"@graph\":[{\"@type\":\"WebPage\",\"@id\":\"https:\/\/www.sebastienpla.com\/PLA\/en-image\/\",\"url\":\"https:\/\/www.sebastienpla.com\/PLA\/en-image\/\",\"name\":\"En image - S\u00e9bastien Pla, S\u00e9nateur de l&#039;Aude\",\"isPartOf\":{\"@id\":\"https:\/\/www.sebastienpla.com\/PLA\/#website\"},\"datePublished\":\"2021-06-10T09:41:58+00:00\",\"dateModified\":\"2021-10-27T13:12:33+00:00\",\"description\":\"Carrousel en image de S\u00e9bastien Pla, S\u00e9nateur de l'Aude\",\"breadcrumb\":{\"@id\":\"https:\/\/www.sebastienpla.com\/PLA\/en-image\/#breadcrumb\"},\"inLanguage\":\"fr-FR\",\"potentialAction\":[{\"@type\":\"ReadAction\",\"target\":[\"https:\/\/www.sebastienpla.com\/PLA\/en-image\/\"]}]},{\"@type\":\"BreadcrumbList\",\"@id\":\"https:\/\/www.sebastienpla.com\/PLA\/en-image\/#breadcrumb\",\"itemListElement\":[{\"@type\":\"ListItem\",\"position\":1,\"name\":\"Accueil\",\"item\":\"https:\/\/www.sebastienpla.com\/PLA\/\"},{\"@type\":\"ListItem\",\"position\":2,\"name\":\"En image\"}]},{\"@type\":\"WebSite\",\"@id\":\"https:\/\/www.sebastienpla.com\/PLA\/#website\",\"url\":\"https:\/\/www.sebastienpla.com\/PLA\/\",\"name\":\"S\u00e9bastien Pla, S\u00e9nateur de l&#039;Aude\",\"description\":\"S\u00e9nateur de l&#039;Aude\",\"potentialAction\":[{\"@type\":\"SearchAction\",\"target\":{\"@type\":\"EntryPoint\",\"urlTemplate\":\"https:\/\/www.sebastienpla.com\/PLA\/?s={search_term_string}\"},\"query-input\":\"required name=search_term_string\"}],\"inLanguage\":\"fr-FR\"}]}<\/script>\n<!-- \/ Yoast SEO plugin. -->","yoast_head_json":{"title":"En image - S\u00e9bastien Pla, S\u00e9nateur de l&#039;Aude","description":"Carrousel en image de S\u00e9bastien Pla, S\u00e9nateur de l'Aude","robots":{"index":"noindex","follow":"follow","max-snippet":"max-snippet:-1","max-image-preview":"max-image-preview:large","max-video-preview":"max-video-preview:-1"},"og_locale":"fr_FR","og_type":"article","og_title":"En image - S\u00e9bastien Pla, S\u00e9nateur de l&#039;Aude","og_description":"Carrousel en image de S\u00e9bastien Pla, S\u00e9nateur de l'Aude","og_url":"https:\/\/www.sebastienpla.com\/PLA\/en-image\/","og_site_name":"S\u00e9bastien Pla, S\u00e9nateur de l&#039;Aude","article_modified_time":"2021-10-27T13:12:33+00:00","twitter_card":"summary_large_image","twitter_misc":{"Dur\u00e9e de lecture estim\u00e9e":"1 minute"},"schema":{"@context":"https:\/\/schema.org","@graph":[{"@type":"WebPage","@id":"https:\/\/www.sebastienpla.com\/PLA\/en-image\/","url":"https:\/\/www.sebastienpla.com\/PLA\/en-image\/","name":"En image - S\u00e9bastien Pla, S\u00e9nateur de l&#039;Aude","isPartOf":{"@id":"https:\/\/www.sebastienpla.com\/PLA\/#website"},"datePublished":"2021-06-10T09:41:58+00:00","dateModified":"2021-10-27T13:12:33+00:00","description":"Carrousel en image de S\u00e9bastien Pla, S\u00e9nateur de l'Aude","breadcrumb":{"@id":"https:\/\/www.sebastienpla.com\/PLA\/en-image\/#breadcrumb"},"inLanguage":"fr-FR","potentialAction":[{"@type":"ReadAction","target":["https:\/\/www.sebastienpla.com\/PLA\/en-image\/"]}]},{"@type":"BreadcrumbList","@id":"https:\/\/www.sebastienpla.com\/PLA\/en-image\/#breadcrumb","itemListElement":[{"@type":"ListItem","position":1,"name":"Accueil","item":"https:\/\/www.sebastienpla.com\/PLA\/"},{"@type":"ListItem","position":2,"name":"En image"}]},{"@type":"WebSite","@id":"https:\/\/www.sebastienpla.com\/PLA\/#website","url":"https:\/\/www.sebastienpla.com\/PLA\/","name":"S\u00e9bastien Pla, S\u00e9nateur de l&#039;Aude","description":"S\u00e9nateur de l&#039;Aude","potentialAction":[{"@type":"SearchAction","target":{"@type":"EntryPoint","urlTemplate":"https:\/\/www.sebastienpla.com\/PLA\/?s={search_term_string}"},"query-input":"required name=search_term_string"}],"inLanguage":"fr-FR"}]}},"_links":{"self":[{"href":"https:\/\/www.sebastienpla.com\/PLA\/wp-json\/wp\/v2\/pages\/28","targetHints":{"allow":["GET"]}}],"collection":[{"href":"https:\/\/www.sebastienpla.com\/PLA\/wp-json\/wp\/v2\/pages"}],"about":[{"href":"https:\/\/www.sebastienpla.com\/PLA\/wp-json\/wp\/v2\/types\/page"}],"author":[{"embeddable":true,"href":"https:\/\/www.sebastienpla.com\/PLA\/wp-json\/wp\/v2\/users\/1"}],"replies":[{"embeddable":true,"href":"https:\/\/www.sebastienpla.com\/PLA\/wp-json\/wp\/v2\/comments?post=28"}],"version-history":[{"count":7,"href":"https:\/\/www.sebastienpla.com\/PLA\/wp-json\/wp\/v2\/pages\/28\/revisions"}],"predecessor-version":[{"id":979,"href":"https:\/\/www.sebastienpla.com\/PLA\/wp-json\/wp\/v2\/pages\/28\/revisions\/979"}],"wp:attachment":[{"href":"https:\/\/www.sebastienpla.com\/PLA\/wp-json\/wp\/v2\/media?parent=28"}],"curies":[{"name":"wp","href":"https:\/\/api.w.org\/{rel}","templated":true}]}}